{"id":145,"date":"2025-10-08T15:12:12","date_gmt":"2025-10-08T15:12:12","guid":{"rendered":"https:\/\/luizhenrique.arq.br\/wp\/?page_id=145"},"modified":"2025-10-08T15:12:13","modified_gmt":"2025-10-08T15:12:13","slug":"sobre-nos","status":"publish","type":"page","link":"https:\/\/luizhenrique.arq.br\/wp\/sobre-nos\/","title":{"rendered":"SOBRE N\u00d3S"},"content":{"rendered":"\n[et_pb_section fb_built=&#8221;1&#8243; theme_builder_area=&#8221;post_content&#8221; _builder_version=&#8221;4.27.4&#8243; _module_preset=&#8221;default&#8221;][et_pb_row _builder_version=&#8221;4.27.4&#8243; _module_preset=&#8221;default&#8221; theme_builder_area=&#8221;post_content&#8221; column_structure=&#8221;1_2,1_2&#8243;][et_pb_column _builder_version=&#8221;4.27.4&#8243; _module_preset=&#8221;default&#8221; type=&#8221;1_2&#8243; theme_builder_area=&#8221;post_content&#8221;][et_pb_text _builder_version=&#8221;4.27.4&#8243; _module_preset=&#8221;default&#8221; theme_builder_area=&#8221;post_content&#8221; hover_enabled=&#8221;0&#8243; sticky_enabled=&#8221;0&#8243; custom_padding=&#8221;|0px||||&#8221;]<p>Nosso escrit\u00f3rio de arquitetura est\u00e1 em atividade desde 1996 com projetos arquitet\u00f4nicos de temas variados, com milhares de m2 em obras conclu\u00eddas.<br \/>A partir de 2007, focamos nossas<br \/>atividades em Arquitetura para Sa\u00fade. Especializamo-nos com cursos, semin\u00e1rios e congressos de Arquitetura Hospitalar.<br \/>Desenvolvemos projetos de amplia\u00e7\u00f5es, adequa\u00e7\u00f5es e novas edifica\u00e7\u00f5es para clinicas, laborat\u00f3rios e hospitais.<\/p>[\/et_pb_text][\/et_pb_column][et_pb_column _builder_version=&#8221;4.27.4&#8243; _module_preset=&#8221;default&#8221; type=&#8221;1_2&#8243; theme_builder_area=&#8221;post_content&#8221;][et_pb_image src=&#8221;https:\/\/luizhenrique.arq.br\/wp\/wp-content\/uploads\/2025\/10\/luiz-henrique-pinto-dias.jpg&#8221; _builder_version=&#8221;4.27.4&#8243; _module_preset=&#8221;default&#8221; theme_builder_area=&#8221;post_content&#8221; title_text=&#8221;Luiz Henrique Pinto Dias &#8221; hover_enabled=&#8221;0&#8243; sticky_enabled=&#8221;0&#8243; module_alignment=&#8221;center&#8221; width=&#8221;57%&#8221; custom_margin=&#8221;|||-116px||&#8221;][\/et_pb_image][\/et_pb_column][\/et_pb_row][\/et_pb_section]\n","protected":false},"excerpt":{"rendered":"<p>Nosso escrit\u00f3rio de arquitetura est\u00e1 em atividade desde 1996 com projetos arquitet\u00f4nicos de temas variados, com milhares de m2 em obras conclu\u00eddas.A partir de 2007, focamos nossasatividades em Arquitetura para Sa\u00fade. Especializamo-nos com cursos, semin\u00e1rios e congressos de Arquitetura Hospitalar.Desenvolvemos projetos de amplia\u00e7\u00f5es, adequa\u00e7\u00f5es e novas edifica\u00e7\u00f5es para clinicas, laborat\u00f3rios e hospitais.<\/p>\n","protected":false},"author":1,"featured_media":0,"parent":0,"menu_order":0,"comment_status":"closed","ping_status":"closed","template":"","meta":{"_et_pb_use_builder":"on","_et_pb_old_content":"","_et_gb_content_width":"","footnotes":""},"class_list":["post-145","page","type-page","status-publish","hentry"],"_links":{"self":[{"href":"https:\/\/luizhenrique.arq.br\/wp\/wp-json\/wp\/v2\/pages\/145","targetHints":{"allow":["GET"]}}],"collection":[{"href":"https:\/\/luizhenrique.arq.br\/wp\/wp-json\/wp\/v2\/pages"}],"about":[{"href":"https:\/\/luizhenrique.arq.br\/wp\/wp-json\/wp\/v2\/types\/page"}],"author":[{"embeddable":true,"href":"https:\/\/luizhenrique.arq.br\/wp\/wp-json\/wp\/v2\/users\/1"}],"replies":[{"embeddable":true,"href":"https:\/\/luizhenrique.arq.br\/wp\/wp-json\/wp\/v2\/comments?post=145"}],"version-history":[{"count":3,"href":"https:\/\/luizhenrique.arq.br\/wp\/wp-json\/wp\/v2\/pages\/145\/revisions"}],"predecessor-version":[{"id":150,"href":"https:\/\/luizhenrique.arq.br\/wp\/wp-json\/wp\/v2\/pages\/145\/revisions\/150"}],"wp:attachment":[{"href":"https:\/\/luizhenrique.arq.br\/wp\/wp-json\/wp\/v2\/media?parent=145"}],"curies":[{"name":"wp","href":"https:\/\/api.w.org\/{rel}","templated":true}]}}